{"id":2421,"date":"2023-10-24T01:43:04","date_gmt":"2023-10-24T01:43:04","guid":{"rendered":"https:\/\/new2.stand-art.es\/contact\/"},"modified":"2026-01-15T11:29:43","modified_gmt":"2026-01-15T11:29:43","slug":"contact","status":"publish","type":"page","link":"https:\/\/stand-art.es\/en\/contact\/","title":{"rendered":"Contact"},"content":{"rendered":"\t\t<div data-elementor-type=\"wp-page\" data-elementor-id=\"2421\" class=\"elementor elementor-2421 elementor-72\" data-elementor-post-type=\"page\">\n\t\t\t\t<div class=\"elementor-element elementor-element-97290ca e-flex e-con-boxed e-con e-parent\" data-id=\"97290ca\" data-element_type=\"container\">\n\t\t\t\t\t<div class=\"e-con-inner\">\n\t\t<div class=\"elementor-element elementor-element-0b43593 e-con-full e-flex e-con e-child\" data-id=\"0b43593\" data-element_type=\"container\">\n\t\t\t\t<div class=\"elementor-element elementor-element-97205fa elementor-widget elementor-widget-image\" data-id=\"97205fa\" data-element_type=\"widget\" data-widget_type=\"image.default\">\n\t\t\t\t\t\t\t\t\t\t\t\t\t\t\t<img fetchpriority=\"high\" decoding=\"async\" width=\"900\" height=\"433\" src=\"https:\/\/stand-art.es\/wp-content\/uploads\/2025\/12\/foto-1-1024x493.webp\" class=\"attachment-large size-large wp-image-2422\" alt=\"\" srcset=\"https:\/\/stand-art.es\/wp-content\/uploads\/2025\/12\/foto-1-1024x493.webp 1024w, https:\/\/stand-art.es\/wp-content\/uploads\/2025\/12\/foto-1-300x144.webp 300w, https:\/\/stand-art.es\/wp-content\/uploads\/2025\/12\/foto-1-768x370.webp 768w, https:\/\/stand-art.es\/wp-content\/uploads\/2025\/12\/foto-1-1536x740.webp 1536w, https:\/\/stand-art.es\/wp-content\/uploads\/2025\/12\/foto-1.webp 1686w\" sizes=\"(max-width: 900px) 100vw, 900px\" \/>\t\t\t\t\t\t\t\t\t\t\t\t\t\t\t<\/div>\n\t\t\t\t<\/div>\n\t\t<div class=\"elementor-element elementor-element-02d934e e-con-full e-flex e-con e-child\" data-id=\"02d934e\" data-element_type=\"container\" data-settings=\"{&quot;background_background&quot;:&quot;classic&quot;}\">\n\t\t\t\t<div class=\"elementor-element elementor-element-fb40b00 elementor-widget elementor-widget-image\" data-id=\"fb40b00\" data-element_type=\"widget\" data-widget_type=\"image.default\">\n\t\t\t\t\t\t\t\t\t\t\t\t\t\t\t<img decoding=\"async\" width=\"250\" height=\"80\" src=\"https:\/\/stand-art.es\/wp-content\/uploads\/2025\/12\/logo-stand-art-animado-2-1.png\" class=\"attachment-full size-full wp-image-2423\" alt=\"\" \/>\t\t\t\t\t\t\t\t\t\t\t\t\t\t\t<\/div>\n\t\t\t\t<\/div>\n\t\t<div class=\"elementor-element elementor-element-d91f11a e-con-full e-flex e-con e-child\" data-id=\"d91f11a\" data-element_type=\"container\">\n\t\t\t\t<div class=\"elementor-element elementor-element-ddee69c elementor-widget elementor-widget-heading\" data-id=\"ddee69c\" data-element_type=\"widget\" data-widget_type=\"heading.default\">\n\t\t\t\t\t<h2 class=\"elementor-heading-title elementor-size-default\">Contact<\/h2>\t\t\t\t<\/div>\n\t\t\t\t<\/div>\n\t\t<div class=\"elementor-element elementor-element-13f9318 e-con-full e-flex e-con e-child\" data-id=\"13f9318\" data-element_type=\"container\">\n\t\t\t\t<div class=\"elementor-element elementor-element-90ddb87 darkmode elementor-widget elementor-widget-heading\" data-id=\"90ddb87\" data-element_type=\"widget\" data-widget_type=\"heading.default\">\n\t\t\t\t\t<h2 class=\"elementor-heading-title elementor-size-default\"><a href=\"https:\/\/www.google.com\/maps?hl=es&#038;gl=es&#038;um=1&#038;ie=UTF-8&#038;fb=1&#038;sa=X&#038;ftid=0x12a4b51f74d39b2f:0xd396980c02130fc8\" target=\"_blank\" rel=\"nofollow\">Fray Luis de Le\u00f3n, 11 - Baixos \/\n08302 \/ Matar\u00f3 \/ Barcelona<\/a><\/h2>\t\t\t\t<\/div>\n\t\t\t\t<div class=\"elementor-element elementor-element-25dab22 elementor-grid-4 elementor-grid-tablet-2 elementor-grid-mobile-1 pp-info-box-above-title elementor-widget elementor-widget-pp-info-box-carousel\" data-id=\"25dab22\" data-element_type=\"widget\" data-widget_type=\"pp-info-box-carousel.default\">\n\t\t\t\t\t\t\t<div class=\"pp-info-box-container elementor-grid\">\n\t\t\t\n\t\t\t\t\t\t\t<div class=\"pp-info-box elementor-grid-item\">\n\t\t\t\t\t\n\t\t\t\t\t\n\t\t\t\t\t\n\t\t\t\t\t<div class=\"pp-info-box-content\">\n\t\t\t\t\t\t\t\t<div class=\"pp-info-box-title-wrap\">\n\t\t\t\t\t\t\t<div class=\"pp-info-box-title-container\">\n\t\t\t\t\t<h4 class=\"pp-info-box-title\">\n\t\t\t\t\t\tPhone numbers\t\t\t\t\t<\/h4>\n\t\t\t\t<\/div>\n\t\t\t\t\t\t<\/div>\n\t\t\n\t\t\t\t\t\t\n\t\t\t\t\t\t\t\t\t\t\t\t\t<div class=\"pp-info-box-description\">\n\t\t\t\t\t\t\t\t<p>661 465 888<br>661 465 898<\/p>\t\t\t\t\t\t\t<\/div>\n\t\t\t\t\t\t\n\t\t\t\t\t\t\t\t\t\t\t<\/div>\n\n\t\t\t\t\t\t\t\t\t<\/div>\n\t\t\t\t\t\t\t<div class=\"pp-info-box elementor-grid-item\">\n\t\t\t\t\t\n\t\t\t\t\t\n\t\t\t\t\t\n\t\t\t\t\t<div class=\"pp-info-box-content\">\n\t\t\t\t\t\t\t\t<div class=\"pp-info-box-title-wrap\">\n\t\t\t\t\t\t\t<div class=\"pp-info-box-title-container\">\n\t\t\t\t\t<h4 class=\"pp-info-box-title\">\n\t\t\t\t\t\tEmail\t\t\t\t\t<\/h4>\n\t\t\t\t<\/div>\n\t\t\t\t\t\t<\/div>\n\t\t\n\t\t\t\t\t\t\n\t\t\t\t\t\t\t\t\t\t\t\t\t<div class=\"pp-info-box-description\">\n\t\t\t\t\t\t\t\t<p><span style=\"color: #ff6600\"><a style=\"color: #ff6600\" href=\"mailto:stand-art@stand-art.es\">stand-art@stand-art.es<\/a><\/span><\/p>\t\t\t\t\t\t\t<\/div>\n\t\t\t\t\t\t\n\t\t\t\t\t\t\t\t\t\t\t<\/div>\n\n\t\t\t\t\t\t\t\t\t<\/div>\n\t\t\t\t\t\t\t<div class=\"pp-info-box elementor-grid-item\">\n\t\t\t\t\t\n\t\t\t\t\t\n\t\t\t\t\t\n\t\t\t\t\t<div class=\"pp-info-box-content\">\n\t\t\t\t\t\t\t\t<div class=\"pp-info-box-title-wrap\">\n\t\t\t\t\t\t\t<div class=\"pp-info-box-title-container\">\n\t\t\t\t\t<h4 class=\"pp-info-box-title\">\n\t\t\t\t\t\tHours\t\t\t\t\t<\/h4>\n\t\t\t\t<\/div>\n\t\t\t\t\t\t<\/div>\n\t\t\n\t\t\t\t\t\t\n\t\t\t\t\t\t\t\t\t\t\t\t\t<div class=\"pp-info-box-description\">\n\t\t\t\t\t\t\t\t<p>Monday-Thursday: 9 AM &#8211; 7 PM<br>Friday: 9 AM &#8211; 3 PM<\/p>\t\t\t\t\t\t\t<\/div>\n\t\t\t\t\t\t\n\t\t\t\t\t\t\t\t\t\t\t<\/div>\n\n\t\t\t\t\t\t\t\t\t<\/div>\n\t\t\t\t\t\t\t<div class=\"pp-info-box elementor-grid-item\">\n\t\t\t\t\t\n\t\t\t\t\t\n\t\t\t\t\t\n\t\t\t\t\t<div class=\"pp-info-box-content\">\n\t\t\t\t\t\t\t\t<div class=\"pp-info-box-title-wrap\">\n\t\t\t\t\t\t\t<div class=\"pp-info-box-title-container\">\n\t\t\t\t\t<h4 class=\"pp-info-box-title\">\n\t\t\t\t\t\tNetworks\t\t\t\t\t<\/h4>\n\t\t\t\t<\/div>\n\t\t\t\t\t\t<\/div>\n\t\t\n\t\t\t\t\t\t\n\t\t\t\t\t\t\t\t\t\t\t\t\t<div class=\"pp-info-box-description\">\n\t\t\t\t\t\t\t\t<p><a href=\"https:\/\/www.instagram.com\/stand_art_bcn\/\" target=\"_blank\" rel=\"noopener\"><span style=\"color: #ff6600\">Instagram<\/span><\/a><\/p><div class=\"notranslate\"> <\/div>\t\t\t\t\t\t\t<\/div>\n\t\t\t\t\t\t\n\t\t\t\t\t\t\t\t\t\t\t<\/div>\n\n\t\t\t\t\t\t\t\t\t<\/div>\n\t\t\t\n\t\t\t\t\t<\/div>\n\t\t\t\t\t\t<\/div>\n\t\t\t\t<\/div>\n\t\t\t\t\t<\/div>\n\t\t\t\t<\/div>\n\t\t<div class=\"elementor-element elementor-element-b2cfe61 e-flex e-con-boxed e-con e-parent\" data-id=\"b2cfe61\" data-element_type=\"container\">\n\t\t\t\t\t<div class=\"e-con-inner\">\n\t\t<div class=\"elementor-element elementor-element-102a5ed e-con-full e-flex e-con e-child\" data-id=\"102a5ed\" data-element_type=\"container\">\n\t\t\t\t<div class=\"elementor-element elementor-element-20ad590 elementor-widget elementor-widget-heading\" data-id=\"20ad590\" data-element_type=\"widget\" data-widget_type=\"heading.default\">\n\t\t\t\t\t<h2 class=\"elementor-heading-title elementor-size-default\">Write to us<\/h2>\t\t\t\t<\/div>\n\t\t\t\t<\/div>\n\t\t<div class=\"elementor-element elementor-element-e9160db e-con-full e-flex e-con e-child\" data-id=\"e9160db\" data-element_type=\"container\">\n\t\t\t\t<div class=\"elementor-element elementor-element-7abcc76 elementor-widget elementor-widget-heading\" data-id=\"7abcc76\" data-element_type=\"widget\" data-widget_type=\"heading.default\">\n\t\t\t\t\t<h2 class=\"elementor-heading-title elementor-size-default\">Tell us more<\/h2>\t\t\t\t<\/div>\n\t\t\t\t<div class=\"elementor-element elementor-element-623a720 pp-contact-form-7-button-custom elementor-widget elementor-widget-pp-contact-form-7\" data-id=\"623a720\" data-element_type=\"widget\" data-widget_type=\"pp-contact-form-7.default\">\n\t\t\t\t\t\t\t\t\t<div class=\"pp-contact-form pp-contact-form-7 placeholder-show\">\n\t\t\t\t\t\t\t\t\t\t\n<div class=\"wpcf7 no-js\" id=\"wpcf7-f2411-p2421-o1\" lang=\"en-US\" dir=\"ltr\" data-wpcf7-id=\"2411\">\n<div class=\"screen-reader-response\"><p role=\"status\" aria-live=\"polite\" aria-atomic=\"true\"><\/p> <ul><\/ul><\/div>\n<form action=\"\/en\/contact\/#wpcf7-f2411-p2421-o1\" method=\"post\" class=\"wpcf7-form init\" aria-label=\"Contact form\" enctype=\"multipart\/form-data\" novalidate=\"novalidate\" data-status=\"init\">\n<fieldset class=\"hidden-fields-container\"><input type=\"hidden\" name=\"_wpcf7\" value=\"2411\" \/><input type=\"hidden\" name=\"_wpcf7_version\" value=\"6.1.4\" \/><input type=\"hidden\" name=\"_wpcf7_locale\" value=\"en_US\" \/><input type=\"hidden\" name=\"_wpcf7_unit_tag\" value=\"wpcf7-f2411-p2421-o1\" \/><input type=\"hidden\" name=\"_wpcf7_container_post\" value=\"2421\" \/><input type=\"hidden\" name=\"_wpcf7_posted_data_hash\" value=\"\" \/><input type=\"hidden\" name=\"_wpcf7_recaptcha_response\" value=\"\" \/>\n<\/fieldset>\n<div class=\"contactBox\">\n\t<h3>Select a service\n\t<\/h3>\n\t<p><span class=\"wpcf7-form-control-wrap\" data-name=\"radio-585\"><span class=\"wpcf7-form-control wpcf7-radio\"><span class=\"wpcf7-list-item first\"><label><input type=\"radio\" name=\"radio-585\" value=\"Stand design\" checked=\"checked\" \/><span class=\"wpcf7-list-item-label\">Stand design<\/span><\/label><\/span><span class=\"wpcf7-list-item\"><label><input type=\"radio\" name=\"radio-585\" value=\"Showroom design\" \/><span class=\"wpcf7-list-item-label\">Showroom design<\/span><\/label><\/span><span class=\"wpcf7-list-item last\"><label><input type=\"radio\" name=\"radio-585\" value=\"Request information\" \/><span class=\"wpcf7-list-item-label\">Request information<\/span><\/label><\/span><\/span><\/span>\n\t<\/p>\n<\/div>\n<div class=\"contactBox\">\n\t<h3>Your information\n\t<\/h3>\n\t<div class=\"form-row ui-grid\">\n\t\t<div class=\"field\">\n\t\t\t<p><span class=\"wpcf7-form-control-wrap\" data-name=\"text-454\"><input size=\"40\" maxlength=\"400\" class=\"wpcf7-form-control wpcf7-text wpcf7-validates-as-required\" aria-required=\"true\" aria-invalid=\"false\" placeholder=\"Name *\" value=\"\" type=\"text\" name=\"text-454\" \/><\/span>\n\t\t\t<\/p>\n\t\t<\/div>\n\t\t<div class=\"field\">\n\t\t\t<p><span class=\"wpcf7-form-control-wrap\" data-name=\"text-100\"><input size=\"40\" maxlength=\"400\" class=\"wpcf7-form-control wpcf7-text wpcf7-validates-as-required\" aria-required=\"true\" aria-invalid=\"false\" placeholder=\"Last name *\" value=\"\" type=\"text\" name=\"text-100\" \/><\/span>\n\t\t\t<\/p>\n\t\t<\/div>\n\t<\/div>\n\t<div class=\"form-row ui-grid\">\n\t\t<div class=\"field\">\n\t\t\t<p><span class=\"wpcf7-form-control-wrap\" data-name=\"your-email\"><input size=\"40\" maxlength=\"400\" class=\"wpcf7-form-control wpcf7-email wpcf7-validates-as-required wpcf7-text wpcf7-validates-as-email\" aria-required=\"true\" aria-invalid=\"false\" placeholder=\"E-mail *\" value=\"\" type=\"email\" name=\"your-email\" \/><\/span>\n\t\t\t<\/p>\n\t\t<\/div>\n\t\t<div class=\"field\">\n\t\t\t<p><span class=\"wpcf7-form-control-wrap\" data-name=\"tel-767\"><input size=\"40\" maxlength=\"400\" class=\"wpcf7-form-control wpcf7-tel wpcf7-validates-as-required wpcf7-text wpcf7-validates-as-tel\" aria-required=\"true\" aria-invalid=\"false\" placeholder=\"Phone *\" value=\"\" type=\"tel\" name=\"tel-767\" \/><\/span>\n\t\t\t<\/p>\n\t\t<\/div>\n\t<\/div>\n\t<div class=\"form-row\">\n\t\t<p><span class=\"wpcf7-form-control-wrap\" data-name=\"text-76\"><input size=\"40\" maxlength=\"400\" class=\"wpcf7-form-control wpcf7-text\" aria-invalid=\"false\" placeholder=\"Your project\" value=\"\" type=\"text\" name=\"text-76\" \/><\/span>\n\t\t<\/p>\n\t<\/div>\n\t<div class=\"form-row\">\n\t\t<p><span class=\"wpcf7-form-control-wrap\" data-name=\"textarea-442\"><textarea cols=\"40\" rows=\"10\" maxlength=\"2000\" class=\"wpcf7-form-control wpcf7-textarea\" aria-invalid=\"false\" placeholder=\"What are you interested in?\" name=\"textarea-442\"><\/textarea><\/span>\n\t\t<\/p>\n\t<\/div>\n<\/div>\n<div class=\"contactBox\">\n\t<h3>Have you considered a preliminary budget?\n\t<\/h3>\n\t<p><span class=\"wpcf7-form-control-wrap\" data-name=\"radio-63\"><span class=\"wpcf7-form-control wpcf7-radio\"><span class=\"wpcf7-list-item first\"><label><input type=\"radio\" name=\"radio-63\" value=\"&lt; 100K\" checked=\"checked\" \/><span class=\"wpcf7-list-item-label\">&lt; 100K<\/span><\/label><\/span><span class=\"wpcf7-list-item\"><label><input type=\"radio\" name=\"radio-63\" value=\"100K - 250K\" \/><span class=\"wpcf7-list-item-label\">100K - 250K<\/span><\/label><\/span><span class=\"wpcf7-list-item last\"><label><input type=\"radio\" name=\"radio-63\" value=\"250K - 500K\" \/><span class=\"wpcf7-list-item-label\">250K - 500K<\/span><\/label><\/span><\/span><\/span>\n\t<\/p>\n<\/div>\n<div class=\"contactBox\">\n\t<h3>If you add attachments, we can help you better:\n\t<\/h3>\n\t<div class=\"form-row file\">\n\t\t<p><span class=\"wpcf7-form-control-wrap\" data-name=\"file-483\"><input size=\"40\" class=\"wpcf7-form-control wpcf7-file\" accept=\"audio\/*,video\/*,image\/*\" aria-invalid=\"false\" type=\"file\" name=\"file-483\" \/><\/span>\n\t\t<\/p>\n\t<\/div>\n<\/div>\n<div class=\"contactBox\">\n\t<p><span class=\"wpcf7-form-control-wrap\" data-name=\"acceptance-262\"><span class=\"wpcf7-form-control wpcf7-acceptance\"><span class=\"wpcf7-list-item\"><label><input type=\"checkbox\" name=\"acceptance-262\" value=\"1\" checked=\"checked\" aria-invalid=\"false\" \/><span class=\"wpcf7-list-item-label\">I accept the privacy policies of having my data processed by Stand-ARt.<\/span><\/label><\/span><\/span><\/span><br \/>\n<div class=\"cf7-cf-turnstile\" style=\"margin-top: 0px; margin-bottom: -15px;\"> <div id=\"cf-turnstile-cf7-3865457041\" class=\"cf-turnstile\" data-sitekey=\"0x4AAAAAACKfITuhXL2reGX5\" data-theme=\"light\" data-language=\"auto\" data-size=\"normal\" data-retry=\"auto\" data-retry-interval=\"1000\" data-refresh-expired=\"auto\" data-action=\"contact-form-7\" data-appearance=\"interaction-only\"><\/div> <script>document.addEventListener(\"DOMContentLoaded\", function() { setTimeout(function(){ var e=document.getElementById(\"cf-turnstile-cf7-3865457041\"); e&&!e.innerHTML.trim()&&(turnstile.remove(\"#cf-turnstile-cf7-3865457041\"), turnstile.render(\"#cf-turnstile-cf7-3865457041\", {sitekey:\"0x4AAAAAACKfITuhXL2reGX5\"})); }, 100); });<\/script> <style>#cf-turnstile-cf7-3865457041 iframe { margin-bottom: 15px; }<\/style> <script>document.addEventListener(\"DOMContentLoaded\",function(){document.querySelectorAll('.wpcf7-form').forEach(function(e){e.addEventListener('submit',function(){if(document.getElementById('cf-turnstile-cf7-3865457041')){setTimeout(function(){turnstile.reset('#cf-turnstile-cf7-3865457041');},1000)}})})});<\/script> <\/div><br\/><input class=\"wpcf7-form-control wpcf7-submit has-spinner\" type=\"submit\" value=\"Send message\" \/>\n\t<\/p>\n<\/div><div class=\"wpcf7-response-output\" aria-hidden=\"true\"><\/div>\n<\/form>\n<\/div>\n\t\t\t\t<\/div>\n\t\t\t\t\t\t\t\t<\/div>\n\t\t\t\t<\/div>\n\t\t\t\t\t<\/div>\n\t\t\t\t<\/div>\n\t\t\t\t<\/div>\n\t\t","protected":false},"excerpt":{"rendered":"<p>Contact Fray Luis de Le\u00f3n, 11 &#8211; Baixos \/ 08302 \/ Matar\u00f3 \/ Barcelona Phone numbers 661 465 888 661 465 898 Email stand-art@stand-art.es Hours Monday-Thursday: 9 AM \u2013 7 PM Friday: 9 AM \u2013 3 PM Networks Instagram Write to us Tell us more Selecciona un servicio Dise\u00f1o de standsDise\u00f1o de showroomsSolicitar informaci\u00f3n Tus [&hellip;]<\/p>\n","protected":false},"author":2,"featured_media":0,"parent":0,"menu_order":0,"comment_status":"closed","ping_status":"closed","template":"tmpl\/template-fullwidth.php","meta":{"_acf_changed":false,"inline_featured_image":false,"footnotes":""},"class_list":["post-2421","page","type-page","status-publish","hentry"],"acf":[],"yoast_head":"<!-- This site is optimized with the Yoast SEO Premium plugin v26.7 (Yoast SEO v26.7) - https:\/\/yoast.com\/wordpress\/plugins\/seo\/ -->\n<title>Contact | Stand-Art<\/title>\n<meta name=\"description\" content=\"Contact Stand&#039;ART. We will offer you the best solutions for the design, construction or assembly of your stand, organization of your event or retail space.\" \/>\n<meta name=\"robots\" content=\"index, follow, max-snippet:-1, max-image-preview:large, max-video-preview:-1\" \/>\n<link rel=\"canonical\" href=\"https:\/\/stand-art.es\/en\/contact\/\" \/>\n<meta property=\"og:locale\" content=\"en_US\" \/>\n<meta property=\"og:type\" content=\"article\" \/>\n<meta property=\"og:title\" content=\"Contact\" \/>\n<meta property=\"og:description\" content=\"Contact Stand&#039;ART. We will offer you the best solutions for the design, construction or assembly of your stand, organization of your event or retail space.\" \/>\n<meta property=\"og:url\" content=\"https:\/\/stand-art.es\/en\/contact\/\" \/>\n<meta property=\"og:site_name\" content=\"Stand-Art\" \/>\n<meta property=\"article:modified_time\" content=\"2026-01-15T11:29:43+00:00\" \/>\n<meta property=\"og:image\" content=\"https:\/\/stand-art.es\/wp-content\/uploads\/2025\/12\/foto-1-1024x493.webp\" \/>\n<meta name=\"twitter:card\" content=\"summary_large_image\" \/>\n<meta name=\"twitter:label1\" content=\"Est. reading time\" \/>\n\t<meta name=\"twitter:data1\" content=\"1 minute\" \/>\n<script type=\"application\/ld+json\" class=\"yoast-schema-graph\">{\"@context\":\"https:\/\/schema.org\",\"@graph\":[{\"@type\":\"WebPage\",\"@id\":\"https:\/\/stand-art.es\/en\/contact\/\",\"url\":\"https:\/\/stand-art.es\/en\/contact\/\",\"name\":\"Contact | Stand-Art\",\"isPartOf\":{\"@id\":\"https:\/\/stand-art.es\/en\/#website\"},\"primaryImageOfPage\":{\"@id\":\"https:\/\/stand-art.es\/en\/contact\/#primaryimage\"},\"image\":{\"@id\":\"https:\/\/stand-art.es\/en\/contact\/#primaryimage\"},\"thumbnailUrl\":\"https:\/\/stand-art.es\/wp-content\/uploads\/2025\/12\/foto-1-1024x493.webp\",\"datePublished\":\"2023-10-24T01:43:04+00:00\",\"dateModified\":\"2026-01-15T11:29:43+00:00\",\"description\":\"Contact Stand'ART. We will offer you the best solutions for the design, construction or assembly of your stand, organization of your event or retail space.\",\"breadcrumb\":{\"@id\":\"https:\/\/stand-art.es\/en\/contact\/#breadcrumb\"},\"inLanguage\":\"en-US\",\"potentialAction\":[{\"@type\":\"ReadAction\",\"target\":[\"https:\/\/stand-art.es\/en\/contact\/\"]}]},{\"@type\":\"ImageObject\",\"inLanguage\":\"en-US\",\"@id\":\"https:\/\/stand-art.es\/en\/contact\/#primaryimage\",\"url\":\"https:\/\/stand-art.es\/wp-content\/uploads\/2025\/12\/foto-1-1024x493.webp\",\"contentUrl\":\"https:\/\/stand-art.es\/wp-content\/uploads\/2025\/12\/foto-1-1024x493.webp\"},{\"@type\":\"BreadcrumbList\",\"@id\":\"https:\/\/stand-art.es\/en\/contact\/#breadcrumb\",\"itemListElement\":[{\"@type\":\"ListItem\",\"position\":1,\"name\":\"Stand-Art\",\"item\":\"https:\/\/stand-art.es\/en\/design-stands-barcelona\/\"},{\"@type\":\"ListItem\",\"position\":2,\"name\":\"Contact\"}]},{\"@type\":\"WebSite\",\"@id\":\"https:\/\/stand-art.es\/en\/#website\",\"url\":\"https:\/\/stand-art.es\/en\/\",\"name\":\"Stand-Art\",\"description\":\"\",\"publisher\":{\"@id\":\"https:\/\/stand-art.es\/en\/#organization\"},\"potentialAction\":[{\"@type\":\"SearchAction\",\"target\":{\"@type\":\"EntryPoint\",\"urlTemplate\":\"https:\/\/stand-art.es\/en\/?s={search_term_string}\"},\"query-input\":{\"@type\":\"PropertyValueSpecification\",\"valueRequired\":true,\"valueName\":\"search_term_string\"}}],\"inLanguage\":\"en-US\"},{\"@type\":\"Organization\",\"@id\":\"https:\/\/stand-art.es\/en\/#organization\",\"name\":\"Stand-Art\",\"url\":\"https:\/\/stand-art.es\/en\/\",\"logo\":{\"@type\":\"ImageObject\",\"inLanguage\":\"en-US\",\"@id\":\"https:\/\/stand-art.es\/en\/#\/schema\/logo\/image\/\",\"url\":\"https:\/\/stand-art.es\/wp-content\/uploads\/2025\/11\/logo-stand-art-positiu.png\",\"contentUrl\":\"https:\/\/stand-art.es\/wp-content\/uploads\/2025\/11\/logo-stand-art-positiu.png\",\"width\":489,\"height\":215,\"caption\":\"Stand-Art\"},\"image\":{\"@id\":\"https:\/\/stand-art.es\/en\/#\/schema\/logo\/image\/\"}}]}<\/script>\n<!-- \/ Yoast SEO Premium plugin. -->","yoast_head_json":{"title":"Contact | Stand-Art","description":"Contact Stand'ART. We will offer you the best solutions for the design, construction or assembly of your stand, organization of your event or retail space.","robots":{"index":"index","follow":"follow","max-snippet":"max-snippet:-1","max-image-preview":"max-image-preview:large","max-video-preview":"max-video-preview:-1"},"canonical":"https:\/\/stand-art.es\/en\/contact\/","og_locale":"en_US","og_type":"article","og_title":"Contact","og_description":"Contact Stand'ART. We will offer you the best solutions for the design, construction or assembly of your stand, organization of your event or retail space.","og_url":"https:\/\/stand-art.es\/en\/contact\/","og_site_name":"Stand-Art","article_modified_time":"2026-01-15T11:29:43+00:00","og_image":[{"url":"https:\/\/stand-art.es\/wp-content\/uploads\/2025\/12\/foto-1-1024x493.webp","type":"","width":"","height":""}],"twitter_card":"summary_large_image","twitter_misc":{"Est. reading time":"1 minute"},"schema":{"@context":"https:\/\/schema.org","@graph":[{"@type":"WebPage","@id":"https:\/\/stand-art.es\/en\/contact\/","url":"https:\/\/stand-art.es\/en\/contact\/","name":"Contact | Stand-Art","isPartOf":{"@id":"https:\/\/stand-art.es\/en\/#website"},"primaryImageOfPage":{"@id":"https:\/\/stand-art.es\/en\/contact\/#primaryimage"},"image":{"@id":"https:\/\/stand-art.es\/en\/contact\/#primaryimage"},"thumbnailUrl":"https:\/\/stand-art.es\/wp-content\/uploads\/2025\/12\/foto-1-1024x493.webp","datePublished":"2023-10-24T01:43:04+00:00","dateModified":"2026-01-15T11:29:43+00:00","description":"Contact Stand'ART. We will offer you the best solutions for the design, construction or assembly of your stand, organization of your event or retail space.","breadcrumb":{"@id":"https:\/\/stand-art.es\/en\/contact\/#breadcrumb"},"inLanguage":"en-US","potentialAction":[{"@type":"ReadAction","target":["https:\/\/stand-art.es\/en\/contact\/"]}]},{"@type":"ImageObject","inLanguage":"en-US","@id":"https:\/\/stand-art.es\/en\/contact\/#primaryimage","url":"https:\/\/stand-art.es\/wp-content\/uploads\/2025\/12\/foto-1-1024x493.webp","contentUrl":"https:\/\/stand-art.es\/wp-content\/uploads\/2025\/12\/foto-1-1024x493.webp"},{"@type":"BreadcrumbList","@id":"https:\/\/stand-art.es\/en\/contact\/#breadcrumb","itemListElement":[{"@type":"ListItem","position":1,"name":"Stand-Art","item":"https:\/\/stand-art.es\/en\/design-stands-barcelona\/"},{"@type":"ListItem","position":2,"name":"Contact"}]},{"@type":"WebSite","@id":"https:\/\/stand-art.es\/en\/#website","url":"https:\/\/stand-art.es\/en\/","name":"Stand-Art","description":"","publisher":{"@id":"https:\/\/stand-art.es\/en\/#organization"},"potentialAction":[{"@type":"SearchAction","target":{"@type":"EntryPoint","urlTemplate":"https:\/\/stand-art.es\/en\/?s={search_term_string}"},"query-input":{"@type":"PropertyValueSpecification","valueRequired":true,"valueName":"search_term_string"}}],"inLanguage":"en-US"},{"@type":"Organization","@id":"https:\/\/stand-art.es\/en\/#organization","name":"Stand-Art","url":"https:\/\/stand-art.es\/en\/","logo":{"@type":"ImageObject","inLanguage":"en-US","@id":"https:\/\/stand-art.es\/en\/#\/schema\/logo\/image\/","url":"https:\/\/stand-art.es\/wp-content\/uploads\/2025\/11\/logo-stand-art-positiu.png","contentUrl":"https:\/\/stand-art.es\/wp-content\/uploads\/2025\/11\/logo-stand-art-positiu.png","width":489,"height":215,"caption":"Stand-Art"},"image":{"@id":"https:\/\/stand-art.es\/en\/#\/schema\/logo\/image\/"}}]}},"_links":{"self":[{"href":"https:\/\/stand-art.es\/en\/wp-json\/wp\/v2\/pages\/2421","targetHints":{"allow":["GET"]}}],"collection":[{"href":"https:\/\/stand-art.es\/en\/wp-json\/wp\/v2\/pages"}],"about":[{"href":"https:\/\/stand-art.es\/en\/wp-json\/wp\/v2\/types\/page"}],"author":[{"embeddable":true,"href":"https:\/\/stand-art.es\/en\/wp-json\/wp\/v2\/users\/2"}],"replies":[{"embeddable":true,"href":"https:\/\/stand-art.es\/en\/wp-json\/wp\/v2\/comments?post=2421"}],"version-history":[{"count":0,"href":"https:\/\/stand-art.es\/en\/wp-json\/wp\/v2\/pages\/2421\/revisions"}],"wp:attachment":[{"href":"https:\/\/stand-art.es\/en\/wp-json\/wp\/v2\/media?parent=2421"}],"curies":[{"name":"wp","href":"https:\/\/api.w.org\/{rel}","templated":true}]}}