{"id":3322,"date":"2025-12-21T10:16:57","date_gmt":"2025-12-21T10:16:57","guid":{"rendered":"https:\/\/stand-art.es\/politica-de-cookies\/"},"modified":"2026-01-18T17:46:55","modified_gmt":"2026-01-18T17:46:55","slug":"politica-de-cookies","status":"publish","type":"page","link":"https:\/\/stand-art.es\/ca\/politica-de-cookies\/","title":{"rendered":"Pol\u00edtica de cookies"},"content":{"rendered":"<h2>POL\u00cdTICA DE COOKIES<\/h2>\n<p>Fecha de vigencia: 06-Oct-2024\u2028\u00daltima actualizaci\u00f3n: 21-dic-2025<\/p>\n<p><strong>Qu\u00e9 son las cookies?<\/strong><br \/>Esta Pol\u00edtica de cookies explica qu\u00e9 son las cookies y c\u00f3mo las usamos, los tipos de cookies que usamos, es decir, la informaci\u00f3n que recopilamos mediante cookies y c\u00f3mo se usa esa informaci\u00f3n, y c\u00f3mo administrar la configuraci\u00f3n de las cookies.<br \/>Las cookies son peque\u00f1os archivos de texto que se utilizan para almacenar peque\u00f1os fragmentos de informaci\u00f3n. Se almacenan en su dispositivo cuando el sitio web se carga en su navegador. Estas cookies nos ayudan a hacer que el sitio web funcione correctamente, hacerlo m\u00e1s seguro, brindar una mejor experiencia de usuario y comprender c\u00f3mo funciona el sitio web y analizar qu\u00e9 funciona y d\u00f3nde necesita mejoras.<\/p>\n<p><strong>\u00bfC\u00f3mo usamos las cookies?<\/strong><br \/>Como la mayor\u00eda de los servicios en l\u00ednea, nuestro sitio web utiliza cookies propias y de terceros para varios prop\u00f3sitos. Las cookies propias son principalmente necesarias para que el sitio web funcione correctamente y no recopilan ninguno de sus datos de identificaci\u00f3n personal.<br \/>Las cookies de terceros que se utilizan en nuestro sitio web sirven principalmente para comprender c\u00f3mo funciona el sitio web, c\u00f3mo interact\u00faa con nuestro sitio web, mantener nuestros servicios seguros, proporcionar anuncios que sean relevantes para usted y, en general, brindarle una mejor y mejorada experiencia de usuario y ayudar a acelerar sus futuras interacciones con nuestro sitio web.<br \/>Tipos de cookies que usamos<\/p>\n<p><strong>Gestionar preferencias de cookies<\/strong><\/p>\n<p><strong>Configuraci\u00f3n de cookies<\/strong><br \/>Puede cambiar sus preferencias de cookies en cualquier momento haciendo clic en el bot\u00f3n de arriba. Esto le permitir\u00e1 volver a visitar el banner de consentimiento de cookies y cambiar sus preferencias o retirar su consentimiento de inmediato.<br \/>Adem\u00e1s de esto, los diferentes navegadores ofrecen diferentes m\u00e9todos para bloquear y eliminar las cookies utilizadas por los sitios web. Puede cambiar la configuraci\u00f3n de su navegador para bloquear\/eliminar las cookies. A continuaci\u00f3n, se incluyen los enlaces a los documentos de soporte sobre c\u00f3mo administrar y eliminar las cookies de los principales navegadores web.<\/p>\n<p><strong>Chrome<\/strong>: https:\/\/support.google.com\/accounts\/answer\/32050<br \/><strong>Safari<\/strong>: https:\/\/support.apple.com\/en-in\/guide\/safari\/sfri11471\/mac<br \/><strong>Firefox<\/strong>: https:\/\/support.mozilla.org\/en-US\/kb\/clear-cookies-and-site-data-firefox?redirectslug=delete-cookies-remove-info-websites-stored&amp;redirectlocale=en-US<br \/><strong>Internet Explorer<\/strong>: https:\/\/support.microsoft.com\/en-us\/topic\/how-to-delete-cookie-files-in-internet-explorer-bca9446f-d873-78de-77ba-d42645fa52fc<\/p>\n<p>Si est\u00e1 utilizando otro navegador web, visite los documentos de soporte oficiales de su navegador.<\/p>\n","protected":false},"excerpt":{"rendered":"<p>POL\u00cdTICA DE COOKIES Fecha de vigencia: 06-Oct-2024\u2028\u00daltima actualizaci\u00f3n: 21-dic-2025 Qu\u00e9 son las cookies?Esta Pol\u00edtica de cookies explica qu\u00e9 son las cookies y c\u00f3mo las usamos, los tipos de cookies que usamos, es decir, la informaci\u00f3n que recopilamos mediante cookies y c\u00f3mo se usa esa informaci\u00f3n, y c\u00f3mo administrar la configuraci\u00f3n de las cookies.Las cookies son [&hellip;]<\/p>\n","protected":false},"author":2,"featured_media":0,"parent":0,"menu_order":0,"comment_status":"closed","ping_status":"closed","template":"","meta":{"_acf_changed":false,"inline_featured_image":false,"footnotes":""},"class_list":["post-3322","page","type-page","status-publish","hentry"],"acf":[],"yoast_head":"<!-- This site is optimized with the Yoast SEO Premium plugin v26.7 (Yoast SEO v26.7) - https:\/\/yoast.com\/wordpress\/plugins\/seo\/ -->\n<title>Pol\u00edtica de cookies | Stand-Art<\/title>\n<meta name=\"robots\" content=\"index, follow, max-snippet:-1, max-image-preview:large, max-video-preview:-1\" \/>\n<link rel=\"canonical\" href=\"https:\/\/stand-art.es\/ca\/politica-de-cookies\/\" \/>\n<meta property=\"og:locale\" content=\"ca_ES\" \/>\n<meta property=\"og:type\" content=\"article\" \/>\n<meta property=\"og:title\" content=\"Pol\u00edtica de cookies\" \/>\n<meta property=\"og:description\" content=\"POL\u00cdTICA DE COOKIES Fecha de vigencia: 06-Oct-2024\u2028\u00daltima actualizaci\u00f3n: 21-dic-2025 Qu\u00e9 son las cookies?Esta Pol\u00edtica de cookies explica qu\u00e9 son las cookies y c\u00f3mo las usamos, los tipos de cookies que usamos, es decir, la informaci\u00f3n que recopilamos mediante cookies y c\u00f3mo se usa esa informaci\u00f3n, y c\u00f3mo administrar la configuraci\u00f3n de las cookies.Las cookies son [&hellip;]\" \/>\n<meta property=\"og:url\" content=\"https:\/\/stand-art.es\/ca\/politica-de-cookies\/\" \/>\n<meta property=\"og:site_name\" content=\"Stand-Art\" \/>\n<meta property=\"article:modified_time\" content=\"2026-01-18T17:46:55+00:00\" \/>\n<meta name=\"twitter:card\" content=\"summary_large_image\" \/>\n<meta name=\"twitter:label1\" content=\"Temps estimat de lectura\" \/>\n\t<meta name=\"twitter:data1\" content=\"2 minuts\" \/>\n<script type=\"application\/ld+json\" class=\"yoast-schema-graph\">{\"@context\":\"https:\/\/schema.org\",\"@graph\":[{\"@type\":\"WebPage\",\"@id\":\"https:\/\/stand-art.es\/ca\/politica-de-cookies\/\",\"url\":\"https:\/\/stand-art.es\/ca\/politica-de-cookies\/\",\"name\":\"Pol\u00edtica de cookies | Stand-Art\",\"isPartOf\":{\"@id\":\"https:\/\/stand-art.es\/ca\/#website\"},\"datePublished\":\"2025-12-21T10:16:57+00:00\",\"dateModified\":\"2026-01-18T17:46:55+00:00\",\"breadcrumb\":{\"@id\":\"https:\/\/stand-art.es\/ca\/politica-de-cookies\/#breadcrumb\"},\"inLanguage\":\"ca\",\"potentialAction\":[{\"@type\":\"ReadAction\",\"target\":[\"https:\/\/stand-art.es\/ca\/politica-de-cookies\/\"]}]},{\"@type\":\"BreadcrumbList\",\"@id\":\"https:\/\/stand-art.es\/ca\/politica-de-cookies\/#breadcrumb\",\"itemListElement\":[{\"@type\":\"ListItem\",\"position\":1,\"name\":\"Stand-Art\",\"item\":\"https:\/\/stand-art.es\/ca\/disseny-stands-barcelona\/\"},{\"@type\":\"ListItem\",\"position\":2,\"name\":\"Pol\u00edtica de cookies\"}]},{\"@type\":\"WebSite\",\"@id\":\"https:\/\/stand-art.es\/ca\/#website\",\"url\":\"https:\/\/stand-art.es\/ca\/\",\"name\":\"Stand-Art\",\"description\":\"\",\"publisher\":{\"@id\":\"https:\/\/stand-art.es\/ca\/#organization\"},\"potentialAction\":[{\"@type\":\"SearchAction\",\"target\":{\"@type\":\"EntryPoint\",\"urlTemplate\":\"https:\/\/stand-art.es\/ca\/?s={search_term_string}\"},\"query-input\":{\"@type\":\"PropertyValueSpecification\",\"valueRequired\":true,\"valueName\":\"search_term_string\"}}],\"inLanguage\":\"ca\"},{\"@type\":\"Organization\",\"@id\":\"https:\/\/stand-art.es\/ca\/#organization\",\"name\":\"Stand-Art\",\"url\":\"https:\/\/stand-art.es\/ca\/\",\"logo\":{\"@type\":\"ImageObject\",\"inLanguage\":\"ca\",\"@id\":\"https:\/\/stand-art.es\/ca\/#\/schema\/logo\/image\/\",\"url\":\"https:\/\/stand-art.es\/wp-content\/uploads\/2025\/11\/logo-stand-art-positiu.png\",\"contentUrl\":\"https:\/\/stand-art.es\/wp-content\/uploads\/2025\/11\/logo-stand-art-positiu.png\",\"width\":489,\"height\":215,\"caption\":\"Stand-Art\"},\"image\":{\"@id\":\"https:\/\/stand-art.es\/ca\/#\/schema\/logo\/image\/\"}}]}<\/script>\n<!-- \/ Yoast SEO Premium plugin. -->","yoast_head_json":{"title":"Pol\u00edtica de cookies | Stand-Art","robots":{"index":"index","follow":"follow","max-snippet":"max-snippet:-1","max-image-preview":"max-image-preview:large","max-video-preview":"max-video-preview:-1"},"canonical":"https:\/\/stand-art.es\/ca\/politica-de-cookies\/","og_locale":"ca_ES","og_type":"article","og_title":"Pol\u00edtica de cookies","og_description":"POL\u00cdTICA DE COOKIES Fecha de vigencia: 06-Oct-2024\u2028\u00daltima actualizaci\u00f3n: 21-dic-2025 Qu\u00e9 son las cookies?Esta Pol\u00edtica de cookies explica qu\u00e9 son las cookies y c\u00f3mo las usamos, los tipos de cookies que usamos, es decir, la informaci\u00f3n que recopilamos mediante cookies y c\u00f3mo se usa esa informaci\u00f3n, y c\u00f3mo administrar la configuraci\u00f3n de las cookies.Las cookies son [&hellip;]","og_url":"https:\/\/stand-art.es\/ca\/politica-de-cookies\/","og_site_name":"Stand-Art","article_modified_time":"2026-01-18T17:46:55+00:00","twitter_card":"summary_large_image","twitter_misc":{"Temps estimat de lectura":"2 minuts"},"schema":{"@context":"https:\/\/schema.org","@graph":[{"@type":"WebPage","@id":"https:\/\/stand-art.es\/ca\/politica-de-cookies\/","url":"https:\/\/stand-art.es\/ca\/politica-de-cookies\/","name":"Pol\u00edtica de cookies | Stand-Art","isPartOf":{"@id":"https:\/\/stand-art.es\/ca\/#website"},"datePublished":"2025-12-21T10:16:57+00:00","dateModified":"2026-01-18T17:46:55+00:00","breadcrumb":{"@id":"https:\/\/stand-art.es\/ca\/politica-de-cookies\/#breadcrumb"},"inLanguage":"ca","potentialAction":[{"@type":"ReadAction","target":["https:\/\/stand-art.es\/ca\/politica-de-cookies\/"]}]},{"@type":"BreadcrumbList","@id":"https:\/\/stand-art.es\/ca\/politica-de-cookies\/#breadcrumb","itemListElement":[{"@type":"ListItem","position":1,"name":"Stand-Art","item":"https:\/\/stand-art.es\/ca\/disseny-stands-barcelona\/"},{"@type":"ListItem","position":2,"name":"Pol\u00edtica de cookies"}]},{"@type":"WebSite","@id":"https:\/\/stand-art.es\/ca\/#website","url":"https:\/\/stand-art.es\/ca\/","name":"Stand-Art","description":"","publisher":{"@id":"https:\/\/stand-art.es\/ca\/#organization"},"potentialAction":[{"@type":"SearchAction","target":{"@type":"EntryPoint","urlTemplate":"https:\/\/stand-art.es\/ca\/?s={search_term_string}"},"query-input":{"@type":"PropertyValueSpecification","valueRequired":true,"valueName":"search_term_string"}}],"inLanguage":"ca"},{"@type":"Organization","@id":"https:\/\/stand-art.es\/ca\/#organization","name":"Stand-Art","url":"https:\/\/stand-art.es\/ca\/","logo":{"@type":"ImageObject","inLanguage":"ca","@id":"https:\/\/stand-art.es\/ca\/#\/schema\/logo\/image\/","url":"https:\/\/stand-art.es\/wp-content\/uploads\/2025\/11\/logo-stand-art-positiu.png","contentUrl":"https:\/\/stand-art.es\/wp-content\/uploads\/2025\/11\/logo-stand-art-positiu.png","width":489,"height":215,"caption":"Stand-Art"},"image":{"@id":"https:\/\/stand-art.es\/ca\/#\/schema\/logo\/image\/"}}]}},"_links":{"self":[{"href":"https:\/\/stand-art.es\/ca\/wp-json\/wp\/v2\/pages\/3322","targetHints":{"allow":["GET"]}}],"collection":[{"href":"https:\/\/stand-art.es\/ca\/wp-json\/wp\/v2\/pages"}],"about":[{"href":"https:\/\/stand-art.es\/ca\/wp-json\/wp\/v2\/types\/page"}],"author":[{"embeddable":true,"href":"https:\/\/stand-art.es\/ca\/wp-json\/wp\/v2\/users\/2"}],"replies":[{"embeddable":true,"href":"https:\/\/stand-art.es\/ca\/wp-json\/wp\/v2\/comments?post=3322"}],"version-history":[{"count":0,"href":"https:\/\/stand-art.es\/ca\/wp-json\/wp\/v2\/pages\/3322\/revisions"}],"wp:attachment":[{"href":"https:\/\/stand-art.es\/ca\/wp-json\/wp\/v2\/media?parent=3322"}],"curies":[{"name":"wp","href":"https:\/\/api.w.org\/{rel}","templated":true}]}}